{"id":27796,"date":"2021-06-02T09:46:30","date_gmt":"2021-06-02T02:46:30","guid":{"rendered":"https:\/\/essenceofhealth.asia\/actualite\/"},"modified":"2024-01-18T16:32:50","modified_gmt":"2024-01-18T09:32:50","slug":"actualite","status":"publish","type":"page","link":"https:\/\/essenceofhealth.asia\/fr\/actualite\/","title":{"rendered":"Actualit\u00e9"},"content":{"rendered":"<p>[et_pb_section fb_built=\u00a0\u00bb1&Prime; fullwidth=\u00a0\u00bbon\u00a0\u00bb _builder_version=\u00a0\u00bb4.21.0&Prime; _module_preset=\u00a0\u00bbdefault\u00a0\u00bb background_enable_color=\u00a0\u00bboff\u00a0\u00bb background_enable_image=\u00a0\u00bboff\u00a0\u00bb bottom_divider_style=\u00a0\u00bbramp2&Prime; bottom_divider_color=\u00a0\u00bb#FFFFFF\u00a0\u00bb bottom_divider_height=\u00a0\u00bb150px\u00a0\u00bb bottom_divider_flip=\u00a0\u00bbhorizontal\u00a0\u00bb bottom_divider_style_tablet=\u00a0\u00bbramp2&Prime; bottom_divider_style_phone=\u00a0\u00bbnone\u00a0\u00bb bottom_divider_style_last_edited=\u00a0\u00bbon|phone\u00a0\u00bb global_colors_info=\u00a0\u00bb{}\u00a0\u00bb][et_pb_fullwidth_header title=\u00a0\u00bb@ET-DC@eyJkeW5hbWljIjp0cnVlLCJjb250ZW50IjoicG9zdF90aXRsZSIsInNldHRpbmdzIjp7ImJlZm9yZSI6IiIsImFmdGVyIjoiIn19@\u00a0\u00bb text_orientation=\u00a0\u00bbcenter\u00a0\u00bb header_fullscreen=\u00a0\u00bbon\u00a0\u00bb title_last_edited=\u00a0\u00bboff|desktop\u00a0\u00bb _builder_version=\u00a0\u00bb4.21.0&Prime; _dynamic_attributes=\u00a0\u00bbtitle\u00a0\u00bb _module_preset=\u00a0\u00bbdefault\u00a0\u00bb title_font=\u00a0\u00bbWork Sans|200||on|||||\u00a0\u00bb title_font_size=\u00a0\u00bb60px\u00a0\u00bb title_letter_spacing=\u00a0\u00bb10px\u00a0\u00bb title_line_height=\u00a0\u00bb1.6em\u00a0\u00bb background_color=\u00a0\u00bbRGBA(255,255,255,0)\u00a0\u00bb background_image=\u00a0\u00bbhttps:\/\/essenceofhealth.asia\/wp-content\/uploads\/2023\/05\/image-home-check-health.jpg\u00a0\u00bb parallax=\u00a0\u00bbon\u00a0\u00bb parallax_method=\u00a0\u00bbon\u00a0\u00bb background_blend=\u00a0\u00bbmultiply\u00a0\u00bb title_font_tablet=\u00a0\u00bb\u00a0\u00bb title_font_phone=\u00a0\u00bbWork Sans|500||on|||||\u00a0\u00bb title_font_last_edited=\u00a0\u00bbon|phone\u00a0\u00bb title_text_align_tablet=\u00a0\u00bb\u00a0\u00bb title_text_align_phone=\u00a0\u00bb\u00a0\u00bb title_text_align_last_edited=\u00a0\u00bbon|tablet\u00a0\u00bb title_font_size_tablet=\u00a0\u00bb40px\u00a0\u00bb title_font_size_phone=\u00a0\u00bb20px\u00a0\u00bb title_font_size_last_edited=\u00a0\u00bbon|phone\u00a0\u00bb title_letter_spacing_tablet=\u00a0\u00bb10px\u00a0\u00bb title_letter_spacing_phone=\u00a0\u00bb9px\u00a0\u00bb title_letter_spacing_last_edited=\u00a0\u00bbon|tablet\u00a0\u00bb global_colors_info=\u00a0\u00bb{}\u00a0\u00bb][\/et_pb_fullwidth_header][\/et_pb_section][et_pb_section fb_built=\u00a0\u00bb1&Prime; _builder_version=\u00a0\u00bb4.18.1&Prime; _module_preset=\u00a0\u00bbdefault\u00a0\u00bb background_color=\u00a0\u00bbRGBA(255,255,255,0)\u00a0\u00bb custom_margin=\u00a0\u00bb0px||||false|false\u00a0\u00bb custom_margin_tablet=\u00a0\u00bb0px||||false|false\u00a0\u00bb custom_margin_phone=\u00a0\u00bb\u00a0\u00bb custom_margin_last_edited=\u00a0\u00bbon|desktop\u00a0\u00bb custom_padding=\u00a0\u00bb0px||0px|||\u00a0\u00bb global_colors_info=\u00a0\u00bb{}\u00a0\u00bb][et_pb_row _builder_version=\u00a0\u00bb4.18.1&Prime; _module_preset=\u00a0\u00bbdefault\u00a0\u00bb background_color=\u00a0\u00bbRGBA(255,255,255,0)\u00a0\u00bb width=\u00a0\u00bb49%\u00a0\u00bb custom_margin=\u00a0\u00bb-122px||||false|false\u00a0\u00bb border_radii=\u00a0\u00bbon|14px|14px|14px|14px\u00a0\u00bb global_colors_info=\u00a0\u00bb{}\u00a0\u00bb][et_pb_column type=\u00a0\u00bb4_4&Prime; _builder_version=\u00a0\u00bb4.18.0&Prime; _module_preset=\u00a0\u00bbdefault\u00a0\u00bb global_colors_info=\u00a0\u00bb{}\u00a0\u00bb][et_pb_video src=\u00a0\u00bbhttps:\/\/essenceofhealth.asia\/wp-content\/uploads\/2021\/05\/World-1992-00_00_00-00_00_06.mp4&Prime; _builder_version=\u00a0\u00bb4.18.1&Prime; _module_preset=\u00a0\u00bbdefault\u00a0\u00bb border_radii=\u00a0\u00bbon|20px|20px|20px|20px\u00a0\u00bb global_colors_info=\u00a0\u00bb{}\u00a0\u00bb][\/et_pb_video][\/et_pb_column][\/et_pb_row][\/et_pb_section][et_pb_section fb_built=\u00a0\u00bb1&Prime; _builder_version=\u00a0\u00bb4.16&Prime; _module_preset=\u00a0\u00bbdefault\u00a0\u00bb custom_margin=\u00a0\u00bb0px||||false|false\u00a0\u00bb custom_margin_tablet=\u00a0\u00bb0px||||false|false\u00a0\u00bb custom_margin_phone=\u00a0\u00bb\u00a0\u00bb custom_margin_last_edited=\u00a0\u00bbon|desktop\u00a0\u00bb custom_padding=\u00a0\u00bb0px||0px|||\u00a0\u00bb global_colors_info=\u00a0\u00bb{}\u00a0\u00bb][et_pb_row _builder_version=\u00a0\u00bb4.21.0&Prime; _module_preset=\u00a0\u00bbdefault\u00a0\u00bb width_tablet=\u00a0\u00bb\u00a0\u00bb width_phone=\u00a0\u00bb96%\u00a0\u00bb width_last_edited=\u00a0\u00bbon|phone\u00a0\u00bb custom_margin_tablet=\u00a0\u00bb85px||||false|false\u00a0\u00bb custom_margin_phone=\u00a0\u00bb-46px|auto||5px|false|false\u00a0\u00bb custom_margin_last_edited=\u00a0\u00bbon|phone\u00a0\u00bb global_colors_info=\u00a0\u00bb{}\u00a0\u00bb][et_pb_column type=\u00a0\u00bb4_4&Prime; _builder_version=\u00a0\u00bb4.18.0&Prime; _module_preset=\u00a0\u00bbdefault\u00a0\u00bb global_colors_info=\u00a0\u00bb{}\u00a0\u00bb][et_pb_text admin_label=\u00a0\u00bbSHORT HEALTH INFORMATION\u00a0\u00bb _builder_version=\u00a0\u00bb4.18.0&Prime; _module_preset=\u00a0\u00bbdefault\u00a0\u00bb header_2_font=\u00a0\u00bb|300||on|||||\u00a0\u00bb header_2_text_align=\u00a0\u00bbcenter\u00a0\u00bb header_2_font_size=\u00a0\u00bb35px\u00a0\u00bb header_2_letter_spacing=\u00a0\u00bb2px\u00a0\u00bb header_2_line_height=\u00a0\u00bb1.6em\u00a0\u00bb positioning=\u00a0\u00bbrelative\u00a0\u00bb vertical_offset=\u00a0\u00bb0px\u00a0\u00bb vertical_offset_tablet=\u00a0\u00bb-11px\u00a0\u00bb vertical_offset_phone=\u00a0\u00bb70px\u00a0\u00bb vertical_offset_last_edited=\u00a0\u00bbon|phone\u00a0\u00bb custom_margin=\u00a0\u00bb||0px||false|false\u00a0\u00bb custom_margin_tablet=\u00a0\u00bb-46px||-35px||false|false\u00a0\u00bb custom_margin_phone=\u00a0\u00bb10px||60px||false|false\u00a0\u00bb custom_margin_last_edited=\u00a0\u00bbon|phone\u00a0\u00bb header_font_tablet=\u00a0\u00bb\u00a0\u00bb header_font_phone=\u00a0\u00bb\u00a0\u00bb header_font_last_edited=\u00a0\u00bbon|desktop\u00a0\u00bb header_2_font_tablet=\u00a0\u00bb\u00a0\u00bb header_2_font_phone=\u00a0\u00bb\u00a0\u00bb header_2_font_last_edited=\u00a0\u00bbon|desktop\u00a0\u00bb header_2_font_size_tablet=\u00a0\u00bb30px\u00a0\u00bb header_2_font_size_phone=\u00a0\u00bb25px\u00a0\u00bb header_2_font_size_last_edited=\u00a0\u00bbon|phone\u00a0\u00bb global_colors_info=\u00a0\u00bb{}\u00a0\u00bb]<\/p>\n<h2>INFO EN BREF<\/h2>\n<p>[\/et_pb_text][et_pb_post_slider posts_number=\u00a0\u00bb6&Prime; include_categories=\u00a0\u00bb520&Prime; show_pagination=\u00a0\u00bboff\u00a0\u00bb excerpt_length=\u00a0\u00bb100&Prime; show_meta=\u00a0\u00bboff\u00a0\u00bb offset_number=\u00a0\u00bb12&Prime; _builder_version=\u00a0\u00bb4.23.4&Prime; _module_preset=\u00a0\u00bbdefault\u00a0\u00bb custom_button=\u00a0\u00bbon\u00a0\u00bb button_text_color=\u00a0\u00bb#FFFFFF\u00a0\u00bb button_bg_color=\u00a0\u00bbrgba(1,114,194,0.67)\u00a0\u00bb width=\u00a0\u00bb78%\u00a0\u00bb width_tablet=\u00a0\u00bb78%\u00a0\u00bb width_phone=\u00a0\u00bb387px\u00a0\u00bb width_last_edited=\u00a0\u00bbon|phone\u00a0\u00bb module_alignment=\u00a0\u00bbcenter\u00a0\u00bb custom_margin_tablet=\u00a0\u00bb28px||||false|false\u00a0\u00bb custom_margin_phone=\u00a0\u00bb90px||||false|false\u00a0\u00bb custom_margin_last_edited=\u00a0\u00bbon|tablet\u00a0\u00bb custom_padding_tablet=\u00a0\u00bb||||false|false\u00a0\u00bb custom_padding_phone=\u00a0\u00bb||||false|false\u00a0\u00bb custom_padding_last_edited=\u00a0\u00bbon|tablet\u00a0\u00bb hover_enabled=\u00a0\u00bb0&Prime; header_font_size_tablet=\u00a0\u00bb\u00a0\u00bb header_font_size_phone=\u00a0\u00bb16px\u00a0\u00bb header_font_size_last_edited=\u00a0\u00bbon|phone\u00a0\u00bb body_font_size_tablet=\u00a0\u00bb\u00a0\u00bb body_font_size_phone=\u00a0\u00bb11px\u00a0\u00bb body_font_size_last_edited=\u00a0\u00bbon|phone\u00a0\u00bb button_text_size_tablet=\u00a0\u00bb\u00a0\u00bb button_text_size_phone=\u00a0\u00bb15px\u00a0\u00bb button_text_size_last_edited=\u00a0\u00bbon|phone\u00a0\u00bb border_radii=\u00a0\u00bbon|7px|7px|7px|7px\u00a0\u00bb box_shadow_style=\u00a0\u00bbpreset2&Prime; global_colors_info=\u00a0\u00bb{}\u00a0\u00bb sticky_enabled=\u00a0\u00bb0&Prime;][\/et_pb_post_slider][\/et_pb_column][\/et_pb_row][et_pb_row _builder_version=\u00a0\u00bb4.19.4&Prime; _module_preset=\u00a0\u00bbdefault\u00a0\u00bb width_tablet=\u00a0\u00bb90%\u00a0\u00bb width_phone=\u00a0\u00bb98%\u00a0\u00bb width_last_edited=\u00a0\u00bbon|phone\u00a0\u00bb custom_margin=\u00a0\u00bb||||false|false\u00a0\u00bb custom_margin_tablet=\u00a0\u00bb\u00a0\u00bb custom_margin_phone=\u00a0\u00bb89px||||false|false\u00a0\u00bb custom_margin_last_edited=\u00a0\u00bbon|phone\u00a0\u00bb custom_css_main_element=\u00a0\u00bbdisplay: flex;\u00a0\u00bb global_colors_info=\u00a0\u00bb{}\u00a0\u00bb][et_pb_column type=\u00a0\u00bb4_4&Prime; _builder_version=\u00a0\u00bb4.16&Prime; _module_preset=\u00a0\u00bbdefault\u00a0\u00bb global_colors_info=\u00a0\u00bb{}\u00a0\u00bb][et_pb_text admin_label=\u00a0\u00bbtitle\u00a0\u00bb _builder_version=\u00a0\u00bb4.18.1&Prime; _module_preset=\u00a0\u00bbdefault\u00a0\u00bb header_2_font=\u00a0\u00bb|300||on|||||\u00a0\u00bb header_2_text_align=\u00a0\u00bbcenter\u00a0\u00bb header_2_font_size=\u00a0\u00bb35px\u00a0\u00bb header_2_letter_spacing=\u00a0\u00bb2px\u00a0\u00bb header_2_line_height=\u00a0\u00bb1.6em\u00a0\u00bb positioning=\u00a0\u00bbrelative\u00a0\u00bb vertical_offset=\u00a0\u00bb0px\u00a0\u00bb vertical_offset_tablet=\u00a0\u00bb-11px\u00a0\u00bb vertical_offset_phone=\u00a0\u00bb70px\u00a0\u00bb vertical_offset_last_edited=\u00a0\u00bbon|phone\u00a0\u00bb custom_margin=\u00a0\u00bb||0px||false|false\u00a0\u00bb custom_margin_tablet=\u00a0\u00bb-7px||-35px||false|false\u00a0\u00bb custom_margin_phone=\u00a0\u00bb-208px||19px||false|false\u00a0\u00bb custom_margin_last_edited=\u00a0\u00bbon|phone\u00a0\u00bb header_font_tablet=\u00a0\u00bb\u00a0\u00bb header_font_phone=\u00a0\u00bb\u00a0\u00bb header_font_last_edited=\u00a0\u00bbon|desktop\u00a0\u00bb header_2_font_tablet=\u00a0\u00bb\u00a0\u00bb header_2_font_phone=\u00a0\u00bb\u00a0\u00bb header_2_font_last_edited=\u00a0\u00bbon|desktop\u00a0\u00bb header_2_font_size_tablet=\u00a0\u00bb30px\u00a0\u00bb header_2_font_size_phone=\u00a0\u00bb25px\u00a0\u00bb header_2_font_size_last_edited=\u00a0\u00bbon|phone\u00a0\u00bb global_colors_info=\u00a0\u00bb{}\u00a0\u00bb]<\/p>\n<h2>La vie de la clinique<\/h2>\n<p>[\/et_pb_text][et_pb_text admin_label=\u00a0\u00bbCalendar\u00a0\u00bb _builder_version=\u00a0\u00bb4.18.1&Prime; _module_preset=\u00a0\u00bbdefault\u00a0\u00bb header_2_font=\u00a0\u00bb|300||on|||||\u00a0\u00bb header_2_text_align=\u00a0\u00bbcenter\u00a0\u00bb header_2_font_size=\u00a0\u00bb40px\u00a0\u00bb header_2_letter_spacing=\u00a0\u00bb1px\u00a0\u00bb header_2_line_height=\u00a0\u00bb1.6em\u00a0\u00bb width=\u00a0\u00bb100%\u00a0\u00bb width_tablet=\u00a0\u00bb100%\u00a0\u00bb width_phone=\u00a0\u00bb100%\u00a0\u00bb width_last_edited=\u00a0\u00bbon|phone\u00a0\u00bb max_width_tablet=\u00a0\u00bb\u00a0\u00bb max_width_phone=\u00a0\u00bb100%\u00a0\u00bb max_width_last_edited=\u00a0\u00bbon|phone\u00a0\u00bb module_alignment=\u00a0\u00bbcenter\u00a0\u00bb custom_margin=\u00a0\u00bb55px||||false|false\u00a0\u00bb custom_padding=\u00a0\u00bb|||0px|false|false\u00a0\u00bb header_font_tablet=\u00a0\u00bb\u00a0\u00bb header_font_phone=\u00a0\u00bb\u00a0\u00bb header_font_last_edited=\u00a0\u00bbon|desktop\u00a0\u00bb header_2_font_tablet=\u00a0\u00bb\u00a0\u00bb header_2_font_phone=\u00a0\u00bb\u00a0\u00bb header_2_font_last_edited=\u00a0\u00bbon|desktop\u00a0\u00bb header_2_font_size_tablet=\u00a0\u00bb35px\u00a0\u00bb header_2_font_size_phone=\u00a0\u00bb25px\u00a0\u00bb header_2_font_size_last_edited=\u00a0\u00bbon|phone\u00a0\u00bb global_colors_info=\u00a0\u00bb{}\u00a0\u00bb]<\/p>\n<div id=\"wpcontent\">\n<div id=\"wpbody\" role=\"main\">\n<div id=\"wpbody-content\">\n<div id=\"dp_options\" class=\"wrap\">\n<div id=\"dp_ui_content\">\n<div id=\"rightSide\">\n<div id=\"menu_general_settings\">\n<div class=\"wrapper\">\n<div class=\"submit\">\n<p>[dpProEventCalendar id=\u00a0\u00bb1&Prime; category=\u00a0\u00bb336&Prime; skin=\u00a0\u00bblight_blue\u00a0\u00bb]<\/p>\n<div class=\"clear\"><\/div>\n<div id=\"pec_custom_shortcode_preview\"><\/div>\n<\/div>\n<\/div>\n<\/div>\n<\/div>\n<\/div>\n<\/div>\n<div class=\"clear\"><\/div>\n<\/div>\n<div class=\"clear\"><\/div>\n<\/div>\n<div class=\"clear\"><\/div>\n<\/div>\n<div id=\"wpfooter\" role=\"contentinfo\"><\/div>\n<p>[\/et_pb_text][et_pb_post_slider include_categories=\u00a0\u00bb430&Prime; show_meta=\u00a0\u00bboff\u00a0\u00bb _builder_version=\u00a0\u00bb4.18.1&Prime; _module_preset=\u00a0\u00bbdefault\u00a0\u00bb width=\u00a0\u00bb86%\u00a0\u00bb module_alignment=\u00a0\u00bbcenter\u00a0\u00bb custom_margin=\u00a0\u00bb163px||||false|false\u00a0\u00bb custom_margin_tablet=\u00a0\u00bb118px||||false|false\u00a0\u00bb custom_margin_phone=\u00a0\u00bb81px||||false|false\u00a0\u00bb custom_margin_last_edited=\u00a0\u00bbon|phone\u00a0\u00bb border_radii=\u00a0\u00bbon|10px|10px|10px|10px\u00a0\u00bb global_colors_info=\u00a0\u00bb{}\u00a0\u00bb][\/et_pb_post_slider][\/et_pb_column][\/et_pb_row][\/et_pb_section]<\/p>\n","protected":false},"excerpt":{"rendered":"<p>INFO EN BREF La vie de la clinique [dpProEventCalendar id=\u00a0\u00bb1&Prime; category=\u00a0\u00bb336&Prime; skin=\u00a0\u00bblight_blue\u00a0\u00bb]<\/p>\n","protected":false},"author":3,"featured_media":0,"parent":0,"menu_order":22,"comment_status":"closed","ping_status":"closed","template":"","meta":{"_et_pb_use_builder":"on","_et_pb_old_content":"","_et_gb_content_width":"","inline_featured_image":false,"footnotes":"","_wp_rev_ctl_limit":""},"class_list":["post-27796","page","type-page","status-publish","hentry"],"yoast_head":"<!-- This site is optimized with the Yoast SEO plugin v27.5 - https:\/\/yoast.com\/product\/yoast-seo-wordpress\/ -->\n<title>L&#039;actualit\u00e9 et les \u00e9v\u00e8nements \u00e0 Essence of health. Toute l&#039;activit\u00e9 de la clinique<\/title>\n<meta name=\"description\" content=\"L&#039;actualit\u00e9 et les \u00e9v\u00e8nements \u00e0 Essence of health. D\u00e9couvrez nos derniers articles sur l&#039;activit\u00e9 de notre clinique ainsi que les \u00e9v\u00e9nements \u00e0 venir.\" \/>\n<meta name=\"robots\" content=\"index, follow, max-snippet:-1, max-image-preview:large, max-video-preview:-1\" \/>\n<link rel=\"canonical\" href=\"https:\/\/essenceofhealth.asia\/fr\/actualite\/\" \/>\n<meta property=\"og:locale\" content=\"fr_FR\" \/>\n<meta property=\"og:type\" content=\"article\" \/>\n<meta property=\"og:title\" content=\"L&#039;actualit\u00e9 et les \u00e9v\u00e8nements \u00e0 Essence of health. Toute l&#039;activit\u00e9 de la clinique\" \/>\n<meta property=\"og:description\" content=\"L&#039;actualit\u00e9 et les \u00e9v\u00e8nements \u00e0 Essence of health. D\u00e9couvrez nos derniers articles sur l&#039;activit\u00e9 de notre clinique ainsi que les \u00e9v\u00e9nements \u00e0 venir.\" \/>\n<meta property=\"og:url\" content=\"https:\/\/essenceofhealth.asia\/fr\/actualite\/\" \/>\n<meta property=\"og:site_name\" content=\"Clinic\" \/>\n<meta property=\"article:publisher\" content=\"https:\/\/www.facebook.com\/chinesemedicalPP\" \/>\n<meta property=\"article:modified_time\" content=\"2024-01-18T09:32:50+00:00\" \/>\n<meta name=\"twitter:card\" content=\"summary_large_image\" \/>\n<meta name=\"twitter:site\" content=\"@acupunctureasia\" \/>\n<meta name=\"twitter:label1\" content=\"Dur\u00e9e de lecture estim\u00e9e\" \/>\n\t<meta name=\"twitter:data1\" content=\"2 minutes\" \/>\n<script type=\"application\/ld+json\" class=\"yoast-schema-graph\">{\"@context\":\"https:\\\/\\\/schema.org\",\"@graph\":[{\"@type\":\"WebPage\",\"@id\":\"https:\\\/\\\/essenceofhealth.asia\\\/fr\\\/actualite\\\/\",\"url\":\"https:\\\/\\\/essenceofhealth.asia\\\/fr\\\/actualite\\\/\",\"name\":\"L'actualit\u00e9 et les \u00e9v\u00e8nements \u00e0 Essence of health. Toute l'activit\u00e9 de la clinique\",\"isPartOf\":{\"@id\":\"https:\\\/\\\/essenceofhealth.asia\\\/fr\\\/#website\"},\"datePublished\":\"2021-06-02T02:46:30+00:00\",\"dateModified\":\"2024-01-18T09:32:50+00:00\",\"description\":\"L'actualit\u00e9 et les \u00e9v\u00e8nements \u00e0 Essence of health. D\u00e9couvrez nos derniers articles sur l'activit\u00e9 de notre clinique ainsi que les \u00e9v\u00e9nements \u00e0 venir.\",\"breadcrumb\":{\"@id\":\"https:\\\/\\\/essenceofhealth.asia\\\/fr\\\/actualite\\\/#breadcrumb\"},\"inLanguage\":\"fr-FR\",\"potentialAction\":[{\"@type\":\"ReadAction\",\"target\":[\"https:\\\/\\\/essenceofhealth.asia\\\/fr\\\/actualite\\\/\"]}]},{\"@type\":\"BreadcrumbList\",\"@id\":\"https:\\\/\\\/essenceofhealth.asia\\\/fr\\\/actualite\\\/#breadcrumb\",\"itemListElement\":[{\"@type\":\"ListItem\",\"position\":1,\"name\":\"Home\",\"item\":\"https:\\\/\\\/essenceofhealth.asia\\\/fr\\\/\"},{\"@type\":\"ListItem\",\"position\":2,\"name\":\"Actualit\u00e9\"}]},{\"@type\":\"WebSite\",\"@id\":\"https:\\\/\\\/essenceofhealth.asia\\\/fr\\\/#website\",\"url\":\"https:\\\/\\\/essenceofhealth.asia\\\/fr\\\/\",\"name\":\"Clinic\",\"description\":\"Chinese Medicine\",\"publisher\":{\"@id\":\"https:\\\/\\\/essenceofhealth.asia\\\/fr\\\/#organization\"},\"potentialAction\":[{\"@type\":\"SearchAction\",\"target\":{\"@type\":\"EntryPoint\",\"urlTemplate\":\"https:\\\/\\\/essenceofhealth.asia\\\/fr\\\/?s={search_term_string}\"},\"query-input\":{\"@type\":\"PropertyValueSpecification\",\"valueRequired\":true,\"valueName\":\"search_term_string\"}}],\"inLanguage\":\"fr-FR\"},{\"@type\":\"Organization\",\"@id\":\"https:\\\/\\\/essenceofhealth.asia\\\/fr\\\/#organization\",\"name\":\"Essence of health\",\"url\":\"https:\\\/\\\/essenceofhealth.asia\\\/fr\\\/\",\"logo\":{\"@type\":\"ImageObject\",\"inLanguage\":\"fr-FR\",\"@id\":\"https:\\\/\\\/essenceofhealth.asia\\\/fr\\\/#\\\/schema\\\/logo\\\/image\\\/\",\"url\":\"https:\\\/\\\/essenceofhealth.asia\\\/wp-content\\\/uploads\\\/2019\\\/03\\\/Logo-carre-1.png\",\"contentUrl\":\"https:\\\/\\\/essenceofhealth.asia\\\/wp-content\\\/uploads\\\/2019\\\/03\\\/Logo-carre-1.png\",\"width\":500,\"height\":500,\"caption\":\"Essence of health\"},\"image\":{\"@id\":\"https:\\\/\\\/essenceofhealth.asia\\\/fr\\\/#\\\/schema\\\/logo\\\/image\\\/\"},\"sameAs\":[\"https:\\\/\\\/www.facebook.com\\\/chinesemedicalPP\",\"https:\\\/\\\/x.com\\\/acupunctureasia\"]}]}<\/script>\n<!-- \/ Yoast SEO plugin. -->","yoast_head_json":{"title":"L'actualit\u00e9 et les \u00e9v\u00e8nements \u00e0 Essence of health. Toute l'activit\u00e9 de la clinique","description":"L'actualit\u00e9 et les \u00e9v\u00e8nements \u00e0 Essence of health. D\u00e9couvrez nos derniers articles sur l'activit\u00e9 de notre clinique ainsi que les \u00e9v\u00e9nements \u00e0 venir.","robots":{"index":"index","follow":"follow","max-snippet":"max-snippet:-1","max-image-preview":"max-image-preview:large","max-video-preview":"max-video-preview:-1"},"canonical":"https:\/\/essenceofhealth.asia\/fr\/actualite\/","og_locale":"fr_FR","og_type":"article","og_title":"L'actualit\u00e9 et les \u00e9v\u00e8nements \u00e0 Essence of health. Toute l'activit\u00e9 de la clinique","og_description":"L'actualit\u00e9 et les \u00e9v\u00e8nements \u00e0 Essence of health. D\u00e9couvrez nos derniers articles sur l'activit\u00e9 de notre clinique ainsi que les \u00e9v\u00e9nements \u00e0 venir.","og_url":"https:\/\/essenceofhealth.asia\/fr\/actualite\/","og_site_name":"Clinic","article_publisher":"https:\/\/www.facebook.com\/chinesemedicalPP","article_modified_time":"2024-01-18T09:32:50+00:00","twitter_card":"summary_large_image","twitter_site":"@acupunctureasia","twitter_misc":{"Dur\u00e9e de lecture estim\u00e9e":"2 minutes"},"schema":{"@context":"https:\/\/schema.org","@graph":[{"@type":"WebPage","@id":"https:\/\/essenceofhealth.asia\/fr\/actualite\/","url":"https:\/\/essenceofhealth.asia\/fr\/actualite\/","name":"L'actualit\u00e9 et les \u00e9v\u00e8nements \u00e0 Essence of health. Toute l'activit\u00e9 de la clinique","isPartOf":{"@id":"https:\/\/essenceofhealth.asia\/fr\/#website"},"datePublished":"2021-06-02T02:46:30+00:00","dateModified":"2024-01-18T09:32:50+00:00","description":"L'actualit\u00e9 et les \u00e9v\u00e8nements \u00e0 Essence of health. D\u00e9couvrez nos derniers articles sur l'activit\u00e9 de notre clinique ainsi que les \u00e9v\u00e9nements \u00e0 venir.","breadcrumb":{"@id":"https:\/\/essenceofhealth.asia\/fr\/actualite\/#breadcrumb"},"inLanguage":"fr-FR","potentialAction":[{"@type":"ReadAction","target":["https:\/\/essenceofhealth.asia\/fr\/actualite\/"]}]},{"@type":"BreadcrumbList","@id":"https:\/\/essenceofhealth.asia\/fr\/actualite\/#breadcrumb","itemListElement":[{"@type":"ListItem","position":1,"name":"Home","item":"https:\/\/essenceofhealth.asia\/fr\/"},{"@type":"ListItem","position":2,"name":"Actualit\u00e9"}]},{"@type":"WebSite","@id":"https:\/\/essenceofhealth.asia\/fr\/#website","url":"https:\/\/essenceofhealth.asia\/fr\/","name":"Clinic","description":"Chinese Medicine","publisher":{"@id":"https:\/\/essenceofhealth.asia\/fr\/#organization"},"potentialAction":[{"@type":"SearchAction","target":{"@type":"EntryPoint","urlTemplate":"https:\/\/essenceofhealth.asia\/fr\/?s={search_term_string}"},"query-input":{"@type":"PropertyValueSpecification","valueRequired":true,"valueName":"search_term_string"}}],"inLanguage":"fr-FR"},{"@type":"Organization","@id":"https:\/\/essenceofhealth.asia\/fr\/#organization","name":"Essence of health","url":"https:\/\/essenceofhealth.asia\/fr\/","logo":{"@type":"ImageObject","inLanguage":"fr-FR","@id":"https:\/\/essenceofhealth.asia\/fr\/#\/schema\/logo\/image\/","url":"https:\/\/essenceofhealth.asia\/wp-content\/uploads\/2019\/03\/Logo-carre-1.png","contentUrl":"https:\/\/essenceofhealth.asia\/wp-content\/uploads\/2019\/03\/Logo-carre-1.png","width":500,"height":500,"caption":"Essence of health"},"image":{"@id":"https:\/\/essenceofhealth.asia\/fr\/#\/schema\/logo\/image\/"},"sameAs":["https:\/\/www.facebook.com\/chinesemedicalPP","https:\/\/x.com\/acupunctureasia"]}]}},"_links":{"self":[{"href":"https:\/\/essenceofhealth.asia\/fr\/wp-json\/wp\/v2\/pages\/27796","targetHints":{"allow":["GET"]}}],"collection":[{"href":"https:\/\/essenceofhealth.asia\/fr\/wp-json\/wp\/v2\/pages"}],"about":[{"href":"https:\/\/essenceofhealth.asia\/fr\/wp-json\/wp\/v2\/types\/page"}],"author":[{"embeddable":true,"href":"https:\/\/essenceofhealth.asia\/fr\/wp-json\/wp\/v2\/users\/3"}],"replies":[{"embeddable":true,"href":"https:\/\/essenceofhealth.asia\/fr\/wp-json\/wp\/v2\/comments?post=27796"}],"version-history":[{"count":0,"href":"https:\/\/essenceofhealth.asia\/fr\/wp-json\/wp\/v2\/pages\/27796\/revisions"}],"wp:attachment":[{"href":"https:\/\/essenceofhealth.asia\/fr\/wp-json\/wp\/v2\/media?parent=27796"}],"curies":[{"name":"wp","href":"https:\/\/api.w.org\/{rel}","templated":true}]}}