{"id":27814,"date":"2021-06-02T11:14:31","date_gmt":"2021-06-02T04:14:31","guid":{"rendered":"https:\/\/essenceofhealth.asia\/la-pleine-sante\/"},"modified":"2023-10-05T17:03:47","modified_gmt":"2023-10-05T10:03:47","slug":"la-pleine-sante","status":"publish","type":"page","link":"https:\/\/essenceofhealth.asia\/fr\/la-pleine-sante\/","title":{"rendered":"La pleine sant\u00e9"},"content":{"rendered":"<p>[et_pb_section fb_built=\u00a0\u00bb1&Prime; admin_label=\u00a0\u00bbUnder header\u00a0\u00bb _builder_version=\u00a0\u00bb4.22.1&Prime; _module_preset=\u00a0\u00bbdefault\u00a0\u00bb background_image=\u00a0\u00bbhttps:\/\/essenceofhealth.asia\/wp-content\/uploads\/2023\/05\/image-home-check-health.jpg\u00a0\u00bb parallax=\u00a0\u00bbon\u00a0\u00bb width_tablet=\u00a0\u00bb\u00a0\u00bb width_phone=\u00a0\u00bb\u00a0\u00bb width_last_edited=\u00a0\u00bbon|phone\u00a0\u00bb height=\u00a0\u00bb785px\u00a0\u00bb height_tablet=\u00a0\u00bb450px\u00a0\u00bb height_phone=\u00a0\u00bb450px\u00a0\u00bb height_last_edited=\u00a0\u00bbon|desktop\u00a0\u00bb custom_margin=\u00a0\u00bb154px||||false|false\u00a0\u00bb custom_margin_tablet=\u00a0\u00bb183px||||false|false\u00a0\u00bb custom_margin_phone=\u00a0\u00bb35px||||false|false\u00a0\u00bb custom_margin_last_edited=\u00a0\u00bbon|desktop\u00a0\u00bb background_last_edited=\u00a0\u00bbon|phone\u00a0\u00bb background_image_phone=\u00a0\u00bbhttps:\/\/essenceofhealth.asia\/wp-content\/uploads\/2023\/08\/image-home-check-health-smartphone.jpg\u00a0\u00bb background_enable_image_phone=\u00a0\u00bbon\u00a0\u00bb parallax_phone=\u00a0\u00bboff\u00a0\u00bb background_size_phone=\u00a0\u00bbinitial\u00a0\u00bb background_blend_phone=\u00a0\u00bbmultiply\u00a0\u00bb global_colors_info=\u00a0\u00bb{}\u00a0\u00bb][et_pb_row _builder_version=\u00a0\u00bb4.22.1&Prime; _module_preset=\u00a0\u00bbdefault\u00a0\u00bb custom_margin_tablet=\u00a0\u00bb\u00a0\u00bb custom_margin_phone=\u00a0\u00bb278px||||false|false\u00a0\u00bb custom_margin_last_edited=\u00a0\u00bbon|phone\u00a0\u00bb global_colors_info=\u00a0\u00bb{}\u00a0\u00bb][et_pb_column type=\u00a0\u00bb4_4&Prime; _builder_version=\u00a0\u00bb4.22.1&Prime; _module_preset=\u00a0\u00bbdefault\u00a0\u00bb global_colors_info=\u00a0\u00bb{}\u00a0\u00bb][et_pb_text content_tablet=\u00a0\u00bbLa pleine sant\u00e9\u00a0\u00bb content_phone=\u00a0\u00bb@ET-DC@eyJkeW5hbWljIjp0cnVlLCJjb250ZW50IjoicG9zdF90aXRsZSIsInNldHRpbmdzIjp7ImJlZm9yZSI6IiIsImFmdGVyIjoiIn19@\u00a0\u00bb content_last_edited=\u00a0\u00bbon|phone\u00a0\u00bb _builder_version=\u00a0\u00bb4.22.1&Prime; _dynamic_attributes=\u00a0\u00bbcontent,content_tablet,content_phone\u00a0\u00bb _module_preset=\u00a0\u00bbdefault\u00a0\u00bb text_font=\u00a0\u00bbWork Sans|200|||||||\u00a0\u00bb text_text_color=\u00a0\u00bb#2970FF\u00a0\u00bb text_font_size=\u00a0\u00bb80px\u00a0\u00bb header_font_size=\u00a0\u00bb1px\u00a0\u00bb text_orientation=\u00a0\u00bbcenter\u00a0\u00bb custom_margin=\u00a0\u00bb72px||||false|false\u00a0\u00bb custom_margin_tablet=\u00a0\u00bb152px||||false|false\u00a0\u00bb custom_margin_phone=\u00a0\u00bb-140px||||false|false\u00a0\u00bb custom_margin_last_edited=\u00a0\u00bbon|tablet\u00a0\u00bb text_font_size_tablet=\u00a0\u00bb40px\u00a0\u00bb text_font_size_phone=\u00a0\u00bb30px\u00a0\u00bb text_font_size_last_edited=\u00a0\u00bbon|tablet\u00a0\u00bb global_colors_info=\u00a0\u00bb{}\u00a0\u00bb]@ET-DC@eyJkeW5hbWljIjp0cnVlLCJjb250ZW50IjoicG9zdF90aXRsZSIsInNldHRpbmdzIjp7ImJlZm9yZSI6IiIsImFmdGVyIjoiIn19@[\/et_pb_text][\/et_pb_column][\/et_pb_row][et_pb_row _builder_version=\u00a0\u00bb4.22.1&Prime; _module_preset=\u00a0\u00bbdefault\u00a0\u00bb global_colors_info=\u00a0\u00bb{}\u00a0\u00bb][et_pb_column type=\u00a0\u00bb4_4&Prime; _builder_version=\u00a0\u00bb4.22.1&Prime; _module_preset=\u00a0\u00bbdefault\u00a0\u00bb global_colors_info=\u00a0\u00bb{}\u00a0\u00bb][et_pb_button _builder_version=\u00a0\u00bb4.22.1&Prime; _module_preset=\u00a0\u00bbdefault\u00a0\u00bb global_colors_info=\u00a0\u00bb{}\u00a0\u00bb][\/et_pb_button][\/et_pb_column][\/et_pb_row][et_pb_row _builder_version=\u00a0\u00bb4.22.1&Prime; _module_preset=\u00a0\u00bbdefault\u00a0\u00bb custom_margin=\u00a0\u00bb33px||||false|false\u00a0\u00bb custom_margin_tablet=\u00a0\u00bb135px||||false|false\u00a0\u00bb custom_margin_phone=\u00a0\u00bb-191px||||false|false\u00a0\u00bb custom_margin_last_edited=\u00a0\u00bbon|tablet\u00a0\u00bb global_colors_info=\u00a0\u00bb{}\u00a0\u00bb][et_pb_column type=\u00a0\u00bb4_4&Prime; _builder_version=\u00a0\u00bb4.22.1&Prime; _module_preset=\u00a0\u00bbdefault\u00a0\u00bb global_colors_info=\u00a0\u00bb{}\u00a0\u00bb][et_pb_image src=\u00a0\u00bb@ET-DC@eyJkeW5hbWljIjp0cnVlLCJjb250ZW50IjoicG9zdF9mZWF0dXJlZF9pbWFnZSIsInNldHRpbmdzIjp7fX0=@\u00a0\u00bb title_text=\u00a0\u00bbInfo en bref photo EH\u00a0\u00bb show_bottom_space=\u00a0\u00bboff\u00a0\u00bb align=\u00a0\u00bbcenter\u00a0\u00bb disabled_on=\u00a0\u00bboff|off|off\u00a0\u00bb _builder_version=\u00a0\u00bb4.22.1&Prime; _dynamic_attributes=\u00a0\u00bbsrc\u00a0\u00bb _module_preset=\u00a0\u00bbdefault\u00a0\u00bb positioning=\u00a0\u00bbrelative\u00a0\u00bb vertical_offset=\u00a0\u00bb-40px\u00a0\u00bb vertical_offset_tablet=\u00a0\u00bb90px\u00a0\u00bb vertical_offset_phone=\u00a0\u00bb96px\u00a0\u00bb vertical_offset_last_edited=\u00a0\u00bbon|phone\u00a0\u00bb width=\u00a0\u00bb60%\u00a0\u00bb width_tablet=\u00a0\u00bb55%\u00a0\u00bb width_phone=\u00a0\u00bb70%\u00a0\u00bb width_last_edited=\u00a0\u00bbon|tablet\u00a0\u00bb module_alignment=\u00a0\u00bbcenter\u00a0\u00bb custom_margin=\u00a0\u00bb||||false|false\u00a0\u00bb custom_margin_tablet=\u00a0\u00bb-310px||||false|false\u00a0\u00bb custom_margin_phone=\u00a0\u00bb||||false|false\u00a0\u00bb custom_margin_last_edited=\u00a0\u00bbon|desktop\u00a0\u00bb custom_padding=\u00a0\u00bb||||false|false\u00a0\u00bb custom_padding_tablet=\u00a0\u00bb||||false|false\u00a0\u00bb custom_padding_phone=\u00a0\u00bb87px||||false|false\u00a0\u00bb custom_padding_last_edited=\u00a0\u00bbon|desktop\u00a0\u00bb border_radii=\u00a0\u00bbon|15px|15px|15px|15px\u00a0\u00bb box_shadow_style=\u00a0\u00bbpreset2&Prime; box_shadow_color=\u00a0\u00bb#70706F\u00a0\u00bb global_colors_info=\u00a0\u00bb{}\u00a0\u00bb][\/et_pb_image][\/et_pb_column][\/et_pb_row][\/et_pb_section][et_pb_section fb_built=\u00a0\u00bb1&Prime; _builder_version=\u00a0\u00bb4.22.1&Prime; _module_preset=\u00a0\u00bbdefault\u00a0\u00bb background_color=\u00a0\u00bbrgba(147,147,147,0.68)\u00a0\u00bb height_tablet=\u00a0\u00bb850px\u00a0\u00bb height_phone=\u00a0\u00bb1080px\u00a0\u00bb height_last_edited=\u00a0\u00bbon|tablet\u00a0\u00bb custom_margin=\u00a0\u00bb||||false|false\u00a0\u00bb custom_margin_tablet=\u00a0\u00bb||||false|false\u00a0\u00bb custom_margin_phone=\u00a0\u00bb-75px||||false|false\u00a0\u00bb custom_margin_last_edited=\u00a0\u00bbon|tablet\u00a0\u00bb custom_padding=\u00a0\u00bb||||false|false\u00a0\u00bb global_colors_info=\u00a0\u00bb{}\u00a0\u00bb][et_pb_row _builder_version=\u00a0\u00bb4.22.1&Prime; _module_preset=\u00a0\u00bbdefault\u00a0\u00bb width_tablet=\u00a0\u00bb90%\u00a0\u00bb width_phone=\u00a0\u00bb\u00a0\u00bb width_last_edited=\u00a0\u00bbon|phone\u00a0\u00bb height=\u00a0\u00bb498px\u00a0\u00bb height_tablet=\u00a0\u00bb516px\u00a0\u00bb height_phone=\u00a0\u00bb647px\u00a0\u00bb height_last_edited=\u00a0\u00bbon|desktop\u00a0\u00bb custom_margin=\u00a0\u00bb131px|auto||auto|false|false\u00a0\u00bb custom_margin_tablet=\u00a0\u00bb219px||||false|false\u00a0\u00bb custom_margin_phone=\u00a0\u00bb219px||||false|false\u00a0\u00bb custom_margin_last_edited=\u00a0\u00bbon|desktop\u00a0\u00bb custom_padding=\u00a0\u00bb||||false|false\u00a0\u00bb hover_enabled=\u00a0\u00bb0&Prime; global_colors_info=\u00a0\u00bb{}\u00a0\u00bb sticky_enabled=\u00a0\u00bb0&Prime;][et_pb_column type=\u00a0\u00bb4_4&Prime; _builder_version=\u00a0\u00bb4.16&Prime; _module_preset=\u00a0\u00bbdefault\u00a0\u00bb global_colors_info=\u00a0\u00bb{}\u00a0\u00bb][et_pb_text content_last_edited=\u00a0\u00bboff|tablet\u00a0\u00bb admin_label=\u00a0\u00bbTitre\u00a0\u00bb _builder_version=\u00a0\u00bb4.16&Prime; _module_preset=\u00a0\u00bbdefault\u00a0\u00bb text_font_size=\u00a0\u00bb26px\u00a0\u00bb header_2_font=\u00a0\u00bb|300||on|||||\u00a0\u00bb header_2_font_size=\u00a0\u00bb35px\u00a0\u00bb header_2_letter_spacing=\u00a0\u00bb2px\u00a0\u00bb text_orientation=\u00a0\u00bbcenter\u00a0\u00bb custom_margin=\u00a0\u00bb-160px||||false|false\u00a0\u00bb custom_margin_tablet=\u00a0\u00bb-146px||30px||false|false\u00a0\u00bb custom_margin_phone=\u00a0\u00bb-125px||23px||false|false\u00a0\u00bb custom_margin_last_edited=\u00a0\u00bbon|phone\u00a0\u00bb custom_padding=\u00a0\u00bb0px||0px||false|false\u00a0\u00bb header_2_font_size_tablet=\u00a0\u00bb30px\u00a0\u00bb header_2_font_size_phone=\u00a0\u00bb18px\u00a0\u00bb header_2_font_size_last_edited=\u00a0\u00bbon|tablet\u00a0\u00bb global_colors_info=\u00a0\u00bb{}\u00a0\u00bb]<\/p>\n<h2>Restaurer et pr\u00e9server la sant\u00e9<\/h2>\n<p>[\/et_pb_text][et_pb_text _builder_version=\u00a0\u00bb4.22.1&Prime; _module_preset=\u00a0\u00bbdefault\u00a0\u00bb text_font=\u00a0\u00bb|300|||||||\u00a0\u00bb text_font_size=\u00a0\u00bb18px\u00a0\u00bb background_color=\u00a0\u00bb#FFFFFF\u00a0\u00bb custom_padding=\u00a0\u00bb26px|33px|26px|33px|true|true\u00a0\u00bb custom_padding_tablet=\u00a0\u00bb|10px||10px|false|false\u00a0\u00bb custom_padding_phone=\u00a0\u00bb\u00a0\u00bb custom_padding_last_edited=\u00a0\u00bbon|phone\u00a0\u00bb hover_enabled=\u00a0\u00bb0&Prime; text_font_size_tablet=\u00a0\u00bb17px\u00a0\u00bb text_font_size_phone=\u00a0\u00bb14px\u00a0\u00bb text_font_size_last_edited=\u00a0\u00bbon|phone\u00a0\u00bb border_radii=\u00a0\u00bbon|8px|8px|8px|8px\u00a0\u00bb border_width_all=\u00a0\u00bb1px\u00a0\u00bb border_color_all=\u00a0\u00bb#D6D6D6&Prime; box_shadow_style=\u00a0\u00bbpreset2&Prime; global_colors_info=\u00a0\u00bb{}\u00a0\u00bb sticky_enabled=\u00a0\u00bb0&Prime;]En tant que clinique de m\u00e9decine traditionnelle chinoise, Essence of health traite les personnes atteintes de ces deux maladies :<\/p>\n<ol>\n<li style=\"list-style-type: none;\">\n<ol>\n<li>Chroniques<\/li>\n<li>Aigues<\/li>\n<li>Psycho emotionnel<\/li>\n<\/ol>\n<\/li>\n<\/ol>\n<h3>Soutien \u00e0 la pr\u00e9servation de la sant\u00e9<\/h3>\n<p>Depuis sa cr\u00e9ation, Essence of Heath a choisi d&rsquo;encourager ses patients \u00e0 prendre soin de leur sant\u00e9 et \u00e0 d\u00e9velopper leur potentiel d&rsquo;autogu\u00e9rison. Car, comme le disait Hippocrate, <em>\u00ab\u00a0la force qui est en chacun de nous est notre plus grand m\u00e9decin\u00a0\u00bb.<\/em><\/p>\n<h3>L&rsquo;esprit de sant\u00e9<\/h3>\n<p>La m\u00e9decine traditionnelle chinoise (MTC) et ses techniques de pr\u00e9servation de la sant\u00e9, Y\u00e1ng sh\u0113ng, nous invitent \u00e0 vivre en harmonie avec la nature. Chaque \u00eatre humain est soumis aux rythmes et aux r\u00e8gles de l&rsquo;univers. C&rsquo;est le secret de la pleine sant\u00e9 !<\/p>\n<p>Ainsi, l&rsquo;esprit de sant\u00e9 consiste \u00e0 anticiper la maladie. Nos consultants choisissent de faire du sport, ils \u00e9vitent les sucres et favorisent un bol alimentaire \u00e0 base de l\u00e9gumes et de fruits.<\/p>\n<p>Nos patients sont de plus en plus nombreux \u00e0 adh\u00e9rer \u00e0 cette approche et \u00e0 rechercher cet \u00e9quilibre dans leur vie. Nous sommes heureux et fiers de les voir s&rsquo;engager quotidiennement pour leur sant\u00e9. Nous avons un refrain \u00e0 diffuser autour de nous, la paix de l&rsquo;esprit, en plus du bien-\u00eatre physique.<\/p>\n<p>Cela nous a amen\u00e9s \u00e0 proposer des traitements qui incluent \u00e9galement des conseils di\u00e9t\u00e9tiques ou du qi gong afin d&rsquo;encourager nos patients \u00e0 suivre cette voie Yang sheng.[\/et_pb_text][\/et_pb_column][\/et_pb_row][\/et_pb_section]<\/p>\n","protected":false},"excerpt":{"rendered":"<p>Restaurer et pr\u00e9server la sant\u00e9 En tant que clinique de m\u00e9decine traditionnelle chinoise, Essence of health traite les personnes atteintes de ces deux maladies : Chroniques Aigues Psycho emotionnel Soutien \u00e0 la pr\u00e9servation de la sant\u00e9 Depuis sa cr\u00e9ation, Essence of Heath a choisi d&rsquo;encourager ses patients \u00e0 prendre soin de leur sant\u00e9 et \u00e0 [&hellip;]<\/p>\n","protected":false},"author":1,"featured_media":28291,"parent":0,"menu_order":0,"comment_status":"closed","ping_status":"closed","template":"","meta":{"_et_pb_use_builder":"on","_et_pb_old_content":"","_et_gb_content_width":"","inline_featured_image":false,"footnotes":"","_wp_rev_ctl_limit":""},"class_list":["post-27814","page","type-page","status-publish","has-post-thumbnail","hentry"],"yoast_head":"<!-- This site is optimized with the Yoast SEO plugin v27.4 - https:\/\/yoast.com\/product\/yoast-seo-wordpress\/ -->\n<title>La pleine sant\u00e9 - Clinic<\/title>\n<meta name=\"robots\" content=\"index, follow, max-snippet:-1, max-image-preview:large, max-video-preview:-1\" \/>\n<link rel=\"canonical\" href=\"https:\/\/essenceofhealth.asia\/fr\/la-pleine-sante\/\" \/>\n<meta property=\"og:locale\" content=\"fr_FR\" \/>\n<meta property=\"og:type\" content=\"article\" \/>\n<meta property=\"og:title\" content=\"La pleine sant\u00e9 - Clinic\" \/>\n<meta property=\"og:description\" content=\"Restaurer et pr\u00e9server la sant\u00e9 En tant que clinique de m\u00e9decine traditionnelle chinoise, Essence of health traite les personnes atteintes de ces deux maladies : Chroniques Aigues Psycho emotionnel Soutien \u00e0 la pr\u00e9servation de la sant\u00e9 Depuis sa cr\u00e9ation, Essence of Heath a choisi d&#039;encourager ses patients \u00e0 prendre soin de leur sant\u00e9 et \u00e0 [&hellip;]\" \/>\n<meta property=\"og:url\" content=\"https:\/\/essenceofhealth.asia\/fr\/la-pleine-sante\/\" \/>\n<meta property=\"og:site_name\" content=\"Clinic\" \/>\n<meta property=\"article:publisher\" content=\"https:\/\/www.facebook.com\/chinesemedicalPP\" \/>\n<meta property=\"article:modified_time\" content=\"2023-10-05T10:03:47+00:00\" \/>\n<meta property=\"og:image\" content=\"https:\/\/essenceofhealth.asia\/wp-content\/uploads\/2021\/06\/EH-alpinism.jpg\" \/>\n\t<meta property=\"og:image:width\" content=\"600\" \/>\n\t<meta property=\"og:image:height\" content=\"400\" \/>\n\t<meta property=\"og:image:type\" content=\"image\/jpeg\" \/>\n<meta name=\"twitter:card\" content=\"summary_large_image\" \/>\n<meta name=\"twitter:site\" content=\"@acupunctureasia\" \/>\n<meta name=\"twitter:label1\" content=\"Dur\u00e9e de lecture estim\u00e9e\" \/>\n\t<meta name=\"twitter:data1\" content=\"5 minutes\" \/>\n<script type=\"application\/ld+json\" class=\"yoast-schema-graph\">{\"@context\":\"https:\\\/\\\/schema.org\",\"@graph\":[{\"@type\":\"WebPage\",\"@id\":\"https:\\\/\\\/essenceofhealth.asia\\\/fr\\\/la-pleine-sante\\\/\",\"url\":\"https:\\\/\\\/essenceofhealth.asia\\\/fr\\\/la-pleine-sante\\\/\",\"name\":\"La pleine sant\u00e9 - Clinic\",\"isPartOf\":{\"@id\":\"https:\\\/\\\/essenceofhealth.asia\\\/fr\\\/#website\"},\"primaryImageOfPage\":{\"@id\":\"https:\\\/\\\/essenceofhealth.asia\\\/fr\\\/la-pleine-sante\\\/#primaryimage\"},\"image\":{\"@id\":\"https:\\\/\\\/essenceofhealth.asia\\\/fr\\\/la-pleine-sante\\\/#primaryimage\"},\"thumbnailUrl\":\"https:\\\/\\\/essenceofhealth.asia\\\/wp-content\\\/uploads\\\/2021\\\/06\\\/EH-alpinism.jpg\",\"datePublished\":\"2021-06-02T04:14:31+00:00\",\"dateModified\":\"2023-10-05T10:03:47+00:00\",\"breadcrumb\":{\"@id\":\"https:\\\/\\\/essenceofhealth.asia\\\/fr\\\/la-pleine-sante\\\/#breadcrumb\"},\"inLanguage\":\"fr-FR\",\"potentialAction\":[{\"@type\":\"ReadAction\",\"target\":[\"https:\\\/\\\/essenceofhealth.asia\\\/fr\\\/la-pleine-sante\\\/\"]}]},{\"@type\":\"ImageObject\",\"inLanguage\":\"fr-FR\",\"@id\":\"https:\\\/\\\/essenceofhealth.asia\\\/fr\\\/la-pleine-sante\\\/#primaryimage\",\"url\":\"https:\\\/\\\/essenceofhealth.asia\\\/wp-content\\\/uploads\\\/2021\\\/06\\\/EH-alpinism.jpg\",\"contentUrl\":\"https:\\\/\\\/essenceofhealth.asia\\\/wp-content\\\/uploads\\\/2021\\\/06\\\/EH-alpinism.jpg\",\"width\":600,\"height\":400},{\"@type\":\"BreadcrumbList\",\"@id\":\"https:\\\/\\\/essenceofhealth.asia\\\/fr\\\/la-pleine-sante\\\/#breadcrumb\",\"itemListElement\":[{\"@type\":\"ListItem\",\"position\":1,\"name\":\"Home\",\"item\":\"https:\\\/\\\/essenceofhealth.asia\\\/fr\\\/\"},{\"@type\":\"ListItem\",\"position\":2,\"name\":\"La pleine sant\u00e9\"}]},{\"@type\":\"WebSite\",\"@id\":\"https:\\\/\\\/essenceofhealth.asia\\\/fr\\\/#website\",\"url\":\"https:\\\/\\\/essenceofhealth.asia\\\/fr\\\/\",\"name\":\"Clinic\",\"description\":\"Chinese Medicine\",\"publisher\":{\"@id\":\"https:\\\/\\\/essenceofhealth.asia\\\/fr\\\/#organization\"},\"potentialAction\":[{\"@type\":\"SearchAction\",\"target\":{\"@type\":\"EntryPoint\",\"urlTemplate\":\"https:\\\/\\\/essenceofhealth.asia\\\/fr\\\/?s={search_term_string}\"},\"query-input\":{\"@type\":\"PropertyValueSpecification\",\"valueRequired\":true,\"valueName\":\"search_term_string\"}}],\"inLanguage\":\"fr-FR\"},{\"@type\":\"Organization\",\"@id\":\"https:\\\/\\\/essenceofhealth.asia\\\/fr\\\/#organization\",\"name\":\"Essence of health\",\"url\":\"https:\\\/\\\/essenceofhealth.asia\\\/fr\\\/\",\"logo\":{\"@type\":\"ImageObject\",\"inLanguage\":\"fr-FR\",\"@id\":\"https:\\\/\\\/essenceofhealth.asia\\\/fr\\\/#\\\/schema\\\/logo\\\/image\\\/\",\"url\":\"https:\\\/\\\/essenceofhealth.asia\\\/wp-content\\\/uploads\\\/2019\\\/03\\\/Logo-carre-1.png\",\"contentUrl\":\"https:\\\/\\\/essenceofhealth.asia\\\/wp-content\\\/uploads\\\/2019\\\/03\\\/Logo-carre-1.png\",\"width\":500,\"height\":500,\"caption\":\"Essence of health\"},\"image\":{\"@id\":\"https:\\\/\\\/essenceofhealth.asia\\\/fr\\\/#\\\/schema\\\/logo\\\/image\\\/\"},\"sameAs\":[\"https:\\\/\\\/www.facebook.com\\\/chinesemedicalPP\",\"https:\\\/\\\/x.com\\\/acupunctureasia\"]}]}<\/script>\n<!-- \/ Yoast SEO plugin. -->","yoast_head_json":{"title":"La pleine sant\u00e9 - Clinic","robots":{"index":"index","follow":"follow","max-snippet":"max-snippet:-1","max-image-preview":"max-image-preview:large","max-video-preview":"max-video-preview:-1"},"canonical":"https:\/\/essenceofhealth.asia\/fr\/la-pleine-sante\/","og_locale":"fr_FR","og_type":"article","og_title":"La pleine sant\u00e9 - Clinic","og_description":"Restaurer et pr\u00e9server la sant\u00e9 En tant que clinique de m\u00e9decine traditionnelle chinoise, Essence of health traite les personnes atteintes de ces deux maladies : Chroniques Aigues Psycho emotionnel Soutien \u00e0 la pr\u00e9servation de la sant\u00e9 Depuis sa cr\u00e9ation, Essence of Heath a choisi d'encourager ses patients \u00e0 prendre soin de leur sant\u00e9 et \u00e0 [&hellip;]","og_url":"https:\/\/essenceofhealth.asia\/fr\/la-pleine-sante\/","og_site_name":"Clinic","article_publisher":"https:\/\/www.facebook.com\/chinesemedicalPP","article_modified_time":"2023-10-05T10:03:47+00:00","og_image":[{"width":600,"height":400,"url":"https:\/\/essenceofhealth.asia\/wp-content\/uploads\/2021\/06\/EH-alpinism.jpg","type":"image\/jpeg"}],"twitter_card":"summary_large_image","twitter_site":"@acupunctureasia","twitter_misc":{"Dur\u00e9e de lecture estim\u00e9e":"5 minutes"},"schema":{"@context":"https:\/\/schema.org","@graph":[{"@type":"WebPage","@id":"https:\/\/essenceofhealth.asia\/fr\/la-pleine-sante\/","url":"https:\/\/essenceofhealth.asia\/fr\/la-pleine-sante\/","name":"La pleine sant\u00e9 - Clinic","isPartOf":{"@id":"https:\/\/essenceofhealth.asia\/fr\/#website"},"primaryImageOfPage":{"@id":"https:\/\/essenceofhealth.asia\/fr\/la-pleine-sante\/#primaryimage"},"image":{"@id":"https:\/\/essenceofhealth.asia\/fr\/la-pleine-sante\/#primaryimage"},"thumbnailUrl":"https:\/\/essenceofhealth.asia\/wp-content\/uploads\/2021\/06\/EH-alpinism.jpg","datePublished":"2021-06-02T04:14:31+00:00","dateModified":"2023-10-05T10:03:47+00:00","breadcrumb":{"@id":"https:\/\/essenceofhealth.asia\/fr\/la-pleine-sante\/#breadcrumb"},"inLanguage":"fr-FR","potentialAction":[{"@type":"ReadAction","target":["https:\/\/essenceofhealth.asia\/fr\/la-pleine-sante\/"]}]},{"@type":"ImageObject","inLanguage":"fr-FR","@id":"https:\/\/essenceofhealth.asia\/fr\/la-pleine-sante\/#primaryimage","url":"https:\/\/essenceofhealth.asia\/wp-content\/uploads\/2021\/06\/EH-alpinism.jpg","contentUrl":"https:\/\/essenceofhealth.asia\/wp-content\/uploads\/2021\/06\/EH-alpinism.jpg","width":600,"height":400},{"@type":"BreadcrumbList","@id":"https:\/\/essenceofhealth.asia\/fr\/la-pleine-sante\/#breadcrumb","itemListElement":[{"@type":"ListItem","position":1,"name":"Home","item":"https:\/\/essenceofhealth.asia\/fr\/"},{"@type":"ListItem","position":2,"name":"La pleine sant\u00e9"}]},{"@type":"WebSite","@id":"https:\/\/essenceofhealth.asia\/fr\/#website","url":"https:\/\/essenceofhealth.asia\/fr\/","name":"Clinic","description":"Chinese Medicine","publisher":{"@id":"https:\/\/essenceofhealth.asia\/fr\/#organization"},"potentialAction":[{"@type":"SearchAction","target":{"@type":"EntryPoint","urlTemplate":"https:\/\/essenceofhealth.asia\/fr\/?s={search_term_string}"},"query-input":{"@type":"PropertyValueSpecification","valueRequired":true,"valueName":"search_term_string"}}],"inLanguage":"fr-FR"},{"@type":"Organization","@id":"https:\/\/essenceofhealth.asia\/fr\/#organization","name":"Essence of health","url":"https:\/\/essenceofhealth.asia\/fr\/","logo":{"@type":"ImageObject","inLanguage":"fr-FR","@id":"https:\/\/essenceofhealth.asia\/fr\/#\/schema\/logo\/image\/","url":"https:\/\/essenceofhealth.asia\/wp-content\/uploads\/2019\/03\/Logo-carre-1.png","contentUrl":"https:\/\/essenceofhealth.asia\/wp-content\/uploads\/2019\/03\/Logo-carre-1.png","width":500,"height":500,"caption":"Essence of health"},"image":{"@id":"https:\/\/essenceofhealth.asia\/fr\/#\/schema\/logo\/image\/"},"sameAs":["https:\/\/www.facebook.com\/chinesemedicalPP","https:\/\/x.com\/acupunctureasia"]}]}},"_links":{"self":[{"href":"https:\/\/essenceofhealth.asia\/fr\/wp-json\/wp\/v2\/pages\/27814","targetHints":{"allow":["GET"]}}],"collection":[{"href":"https:\/\/essenceofhealth.asia\/fr\/wp-json\/wp\/v2\/pages"}],"about":[{"href":"https:\/\/essenceofhealth.asia\/fr\/wp-json\/wp\/v2\/types\/page"}],"author":[{"embeddable":true,"href":"https:\/\/essenceofhealth.asia\/fr\/wp-json\/wp\/v2\/users\/1"}],"replies":[{"embeddable":true,"href":"https:\/\/essenceofhealth.asia\/fr\/wp-json\/wp\/v2\/comments?post=27814"}],"version-history":[{"count":0,"href":"https:\/\/essenceofhealth.asia\/fr\/wp-json\/wp\/v2\/pages\/27814\/revisions"}],"wp:featuredmedia":[{"embeddable":true,"href":"https:\/\/essenceofhealth.asia\/fr\/wp-json\/wp\/v2\/media\/28291"}],"wp:attachment":[{"href":"https:\/\/essenceofhealth.asia\/fr\/wp-json\/wp\/v2\/media?parent=27814"}],"curies":[{"name":"wp","href":"https:\/\/api.w.org\/{rel}","templated":true}]}}